{"id":649,"date":"2025-07-31T15:17:53","date_gmt":"2025-07-31T13:17:53","guid":{"rendered":"https:\/\/juliekusowski.com\/?page_id=649"},"modified":"2025-07-31T15:23:13","modified_gmt":"2025-07-31T13:23:13","slug":"a-propos-de-moi","status":"publish","type":"page","link":"https:\/\/juliekusowski.com\/index.php\/a-propos-de-moi\/","title":{"rendered":"A propos de moi"},"content":{"rendered":"\n<p>Issue d&#8217;une formation initiale en Histoire de l\u2019art, j&#8217;ai exerc\u00e9 diverses professions, essentiellement dans le secteur de la sant\u00e9, avant de me tourner vers le graphisme et de revenir \u00e0 mes premi\u00e8res passions.<\/p>\n\n\n\n<p>Mes diff\u00e9rentes exp\u00e9riences professionnelles m&#8217;ont permis d\u2019acqu\u00e9rir une grande capacit\u00e9 d\u2019adaptation et d\u2019approfondir mes connaissances en communication, strat\u00e9gie marketing et webdesign.<\/p>\n\n\n\n<p>Au cours de ces derni\u00e8res ann\u00e9es, j\u2019ai eu l\u2019opportunit\u00e9 de participer \u00e0 divers projets o\u00f9 j\u2019ai r\u00e9alis\u00e9 plusieurs supports visuels, tant web que print : flyers, banni\u00e8res web, affiches, vid\u00e9os publicitaires, newsletters, et cartons d\u2019invitation.&nbsp;<\/p>\n\n\n\n<p>J\u2019ai \u00e9galement eu l\u2019occasion de g\u00e9rer la communication via les r\u00e9seaux sociaux, incluant la cr\u00e9ation de contenu, l\u2019animation, ainsi que la gestion et le d\u00e9veloppement strat\u00e9gique.&nbsp;<\/p>\n\n\n\n<p>Ces projets m\u2019ont permis d\u2019allier ma passion pour le dessin \u00e0 celle pour les nouvelles technologies.<\/p>\n\n\n\n<p>Rigoureuse dans mon travail et poss\u00e9dant une aisance relationnelle certaine, je suis persuad\u00e9e de pouvoir vous fournir un service de qualit\u00e9.<\/p>\n","protected":false},"excerpt":{"rendered":"<p>Issue d&#8217;une formation initiale en Histoire de l\u2019art, j&#8217;ai exerc\u00e9 diverses professions, essentiellement dans le secteur de la sant\u00e9, avant de me tourner vers le graphisme et de revenir \u00e0 mes premi\u00e8res passions. Mes diff\u00e9rentes exp\u00e9riences professionnelles m&#8217;ont permis d\u2019acqu\u00e9rir une grande capacit\u00e9 d\u2019adaptation et d\u2019approfondir mes connaissances en communication, strat\u00e9gie marketing et webdesign. Au [&hellip;]<\/p>\n","protected":false},"author":1,"featured_media":0,"parent":0,"menu_order":0,"comment_status":"closed","ping_status":"closed","template":"","meta":{"footnotes":""},"class_list":["post-649","page","type-page","status-publish","hentry"],"_links":{"self":[{"href":"https:\/\/juliekusowski.com\/index.php\/wp-json\/wp\/v2\/pages\/649","targetHints":{"allow":["GET"]}}],"collection":[{"href":"https:\/\/juliekusowski.com\/index.php\/wp-json\/wp\/v2\/pages"}],"about":[{"href":"https:\/\/juliekusowski.com\/index.php\/wp-json\/wp\/v2\/types\/page"}],"author":[{"embeddable":true,"href":"https:\/\/juliekusowski.com\/index.php\/wp-json\/wp\/v2\/users\/1"}],"replies":[{"embeddable":true,"href":"https:\/\/juliekusowski.com\/index.php\/wp-json\/wp\/v2\/comments?post=649"}],"version-history":[{"count":1,"href":"https:\/\/juliekusowski.com\/index.php\/wp-json\/wp\/v2\/pages\/649\/revisions"}],"predecessor-version":[{"id":651,"href":"https:\/\/juliekusowski.com\/index.php\/wp-json\/wp\/v2\/pages\/649\/revisions\/651"}],"wp:attachment":[{"href":"https:\/\/juliekusowski.com\/index.php\/wp-json\/wp\/v2\/media?parent=649"}],"curies":[{"name":"wp","href":"https:\/\/api.w.org\/{rel}","templated":true}]}}